{"id":529,"date":"2024-11-18T23:18:10","date_gmt":"2024-11-18T22:18:10","guid":{"rendered":"https:\/\/brazentellurite.eu\/?page_id=529"},"modified":"2024-11-18T23:18:10","modified_gmt":"2024-11-18T22:18:10","slug":"sozialbindungscharta","status":"publish","type":"page","link":"https:\/\/brazentellurite.eu\/et\/sozialbindungscharta\/","title":{"rendered":"SozialbindungsCharta"},"content":{"rendered":"<p>Wir meinen, eine Sozialkanzlei ist kein Unternehmen. Es sollte vor allem keine Gewinne machen m\u00fcssen.<\/p>\n\n\n\n<p>Als Rechtsanwaltskanzlei k\u00f6nnen wir nach der aktuellen Rechtslage aber kahjuks die Gemeinn\u00fctzigkeit nicht erhalten. Unsere Hoffnungen auf eine gro\u00dfe Reform des deutschen Gemeinn\u00fctzigkeitsrechts, die das h\u00e4tte v\u00f5imaldada k\u00f6nnen, haben sich in der 20. Legislaturperiode des Deutschen Bundestages kahjuks mitte t\u00e4idetud. <\/p>\n\n\n\n<p>Aus diesem Grund haben wir uns <strong>meie SozialbindungsCharta<\/strong> antud <\/p>\n\n\n\n<ul class=\"wp-block-list\">\n<li>100% das Stammkapitals bleiben im Unternehmen.<\/li>\n\n\n\n<li>100% der Gewinne werden an gemeinn\u00fctzige Einrichtungen gespendet.<\/li>\n\n\n\n<li>Die Verg\u00fctung der Gesch\u00e4ftsf\u00fchrung d\u00fcrfen das 2,5-fache der Rechtsanwaltsfachangestellten nicht \u00fcbersteigen.<\/li>\n\n\n\n<li>Die Geh\u00e4lter der Rechtsanw\u00e4lte:innen d\u00fcrfen das 2,0-fache der Rechtsanwaltsfachangestellten nicht \u00fcbersteigen.<\/li>\n\n\n\n<li>Das von uns gezahlte Gehalt liegt v\u00e4hemalt 30% \u00fcber dem gesetzlichen Mindestlohn.<\/li>\n\n\n\n<li>Es gibt keine Dienstwagen, sondern Dienstfahrr\u00e4der und BahnCards.<\/li>\n<\/ul>\n\n\n\n<p>Wir lassen die Einhaltung dieser Grunds\u00e4tze durch eine s\u00f5ltumatu Stelle <\/p>\n\n\n\n<p><\/p>","protected":false},"excerpt":{"rendered":"<p>Wir meinen, eine Sozialkanzlei ist kein Unternehmen. Es sollte vor allem keine Gewinne machen m\u00fcssen. Als Rechtsanwaltskanzlei k\u00f6nnen wir nach der aktuellen Rechtslage aber leider die Gemeinn\u00fctzigkeit nicht erhalten. Unsere Hoffnungen auf eine gro\u00dfe Reform des deutschen Gemeinn\u00fctzigkeitsrechts, die das h\u00e4tte erm\u00f6glichen k\u00f6nnen, haben sich in der 20. Legislaturperiode des Deutschen Bundestages leider nicht erf\u00fcllt. [&hellip;]<\/p>\n","protected":false},"author":1,"featured_media":0,"parent":0,"menu_order":0,"comment_status":"closed","ping_status":"closed","template":"","meta":{"footnotes":""},"class_list":["post-529","page","type-page","status-publish","hentry"],"yoast_head":"<!-- This site is optimized with the Yoast SEO plugin v26.2 - https:\/\/yoast.com\/wordpress\/plugins\/seo\/ -->\n<title>SozialbindungsCharta - BrazenTellurite.io<\/title>\n<meta name=\"robots\" content=\"index, follow, max-snippet:-1, max-image-preview:large, max-video-preview:-1\" \/>\n<link rel=\"canonical\" href=\"https:\/\/brazentellurite.eu\/et\/sozialbindungscharta\/\" \/>\n<meta property=\"og:locale\" content=\"et_EE\" \/>\n<meta property=\"og:type\" content=\"article\" \/>\n<meta property=\"og:title\" content=\"SozialbindungsCharta - BrazenTellurite.io\" \/>\n<meta property=\"og:description\" content=\"Wir meinen, eine Sozialkanzlei ist kein Unternehmen. Es sollte vor allem keine Gewinne machen m\u00fcssen. Als Rechtsanwaltskanzlei k\u00f6nnen wir nach der aktuellen Rechtslage aber leider die Gemeinn\u00fctzigkeit nicht erhalten. Unsere Hoffnungen auf eine gro\u00dfe Reform des deutschen Gemeinn\u00fctzigkeitsrechts, die das h\u00e4tte erm\u00f6glichen k\u00f6nnen, haben sich in der 20. Legislaturperiode des Deutschen Bundestages leider nicht erf\u00fcllt. [&hellip;]\" \/>\n<meta property=\"og:url\" content=\"https:\/\/brazentellurite.eu\/et\/sozialbindungscharta\/\" \/>\n<meta property=\"og:site_name\" content=\"BrazenTellurite.io\" \/>\n<meta name=\"twitter:card\" content=\"summary_large_image\" \/>\n<meta name=\"twitter:label1\" content=\"Est. reading time\" \/>\n\t<meta name=\"twitter:data1\" content=\"1 minut\" \/>\n<script type=\"application\/ld+json\" class=\"yoast-schema-graph\">{\"@context\":\"https:\/\/schema.org\",\"@graph\":[{\"@type\":\"WebPage\",\"@id\":\"https:\/\/brazentellurite.eu\/sozialbindungscharta\/\",\"url\":\"https:\/\/brazentellurite.eu\/sozialbindungscharta\/\",\"name\":\"SozialbindungsCharta - BrazenTellurite.io\",\"isPartOf\":{\"@id\":\"https:\/\/brazentellurite.eu\/en\/#website\"},\"datePublished\":\"2024-11-18T22:18:10+00:00\",\"breadcrumb\":{\"@id\":\"https:\/\/brazentellurite.eu\/sozialbindungscharta\/#breadcrumb\"},\"inLanguage\":\"et\",\"potentialAction\":[{\"@type\":\"ReadAction\",\"target\":[\"https:\/\/brazentellurite.eu\/sozialbindungscharta\/\"]}]},{\"@type\":\"BreadcrumbList\",\"@id\":\"https:\/\/brazentellurite.eu\/sozialbindungscharta\/#breadcrumb\",\"itemListElement\":[{\"@type\":\"ListItem\",\"position\":1,\"name\":\"Home\",\"item\":\"https:\/\/brazentellurite.eu\/en\/\"},{\"@type\":\"ListItem\",\"position\":2,\"name\":\"SozialbindungsCharta\"}]},{\"@type\":\"WebSite\",\"@id\":\"https:\/\/brazentellurite.eu\/en\/#website\",\"url\":\"https:\/\/brazentellurite.eu\/en\/\",\"name\":\"BrazenTellurite.io\",\"description\":\"\",\"publisher\":{\"@id\":\"https:\/\/brazentellurite.eu\/en\/#organization\"},\"potentialAction\":[{\"@type\":\"SearchAction\",\"target\":{\"@type\":\"EntryPoint\",\"urlTemplate\":\"https:\/\/brazentellurite.eu\/en\/?s={search_term_string}\"},\"query-input\":{\"@type\":\"PropertyValueSpecification\",\"valueRequired\":true,\"valueName\":\"search_term_string\"}}],\"inLanguage\":\"et\"},{\"@type\":\"Organization\",\"@id\":\"https:\/\/brazentellurite.eu\/en\/#organization\",\"name\":\"BrazenTellurite.io\",\"url\":\"https:\/\/brazentellurite.eu\/en\/\",\"logo\":{\"@type\":\"ImageObject\",\"inLanguage\":\"et\",\"@id\":\"https:\/\/brazentellurite.eu\/en\/#\/schema\/logo\/image\/\",\"url\":\"https:\/\/brazentellurite.eu\/wp-content\/uploads\/2024\/11\/logo_temion.png\",\"contentUrl\":\"https:\/\/brazentellurite.eu\/wp-content\/uploads\/2024\/11\/logo_temion.png\",\"width\":500,\"height\":115,\"caption\":\"BrazenTellurite.io\"},\"image\":{\"@id\":\"https:\/\/brazentellurite.eu\/en\/#\/schema\/logo\/image\/\"}}]}<\/script>\n<!-- \/ Yoast SEO plugin. -->","yoast_head_json":{"title":"SozialbindungsCharta - BrazenTellurite.io","robots":{"index":"index","follow":"follow","max-snippet":"max-snippet:-1","max-image-preview":"max-image-preview:large","max-video-preview":"max-video-preview:-1"},"canonical":"https:\/\/brazentellurite.eu\/et\/sozialbindungscharta\/","og_locale":"et_EE","og_type":"article","og_title":"SozialbindungsCharta - BrazenTellurite.io","og_description":"Wir meinen, eine Sozialkanzlei ist kein Unternehmen. Es sollte vor allem keine Gewinne machen m\u00fcssen. Als Rechtsanwaltskanzlei k\u00f6nnen wir nach der aktuellen Rechtslage aber leider die Gemeinn\u00fctzigkeit nicht erhalten. Unsere Hoffnungen auf eine gro\u00dfe Reform des deutschen Gemeinn\u00fctzigkeitsrechts, die das h\u00e4tte erm\u00f6glichen k\u00f6nnen, haben sich in der 20. Legislaturperiode des Deutschen Bundestages leider nicht erf\u00fcllt. [&hellip;]","og_url":"https:\/\/brazentellurite.eu\/et\/sozialbindungscharta\/","og_site_name":"BrazenTellurite.io","twitter_card":"summary_large_image","twitter_misc":{"Est. reading time":"1 minut"},"schema":{"@context":"https:\/\/schema.org","@graph":[{"@type":"WebPage","@id":"https:\/\/brazentellurite.eu\/sozialbindungscharta\/","url":"https:\/\/brazentellurite.eu\/sozialbindungscharta\/","name":"SozialbindungsCharta - BrazenTellurite.io","isPartOf":{"@id":"https:\/\/brazentellurite.eu\/en\/#website"},"datePublished":"2024-11-18T22:18:10+00:00","breadcrumb":{"@id":"https:\/\/brazentellurite.eu\/sozialbindungscharta\/#breadcrumb"},"inLanguage":"et","potentialAction":[{"@type":"ReadAction","target":["https:\/\/brazentellurite.eu\/sozialbindungscharta\/"]}]},{"@type":"BreadcrumbList","@id":"https:\/\/brazentellurite.eu\/sozialbindungscharta\/#breadcrumb","itemListElement":[{"@type":"ListItem","position":1,"name":"Home","item":"https:\/\/brazentellurite.eu\/en\/"},{"@type":"ListItem","position":2,"name":"SozialbindungsCharta"}]},{"@type":"WebSite","@id":"https:\/\/brazentellurite.eu\/en\/#website","url":"https:\/\/brazentellurite.eu\/en\/","name":"BrazenTellurite.io","description":"","publisher":{"@id":"https:\/\/brazentellurite.eu\/en\/#organization"},"potentialAction":[{"@type":"SearchAction","target":{"@type":"EntryPoint","urlTemplate":"https:\/\/brazentellurite.eu\/en\/?s={search_term_string}"},"query-input":{"@type":"PropertyValueSpecification","valueRequired":true,"valueName":"search_term_string"}}],"inLanguage":"et"},{"@type":"Organization","@id":"https:\/\/brazentellurite.eu\/en\/#organization","name":"BrazenTellurite.io","url":"https:\/\/brazentellurite.eu\/en\/","logo":{"@type":"ImageObject","inLanguage":"et","@id":"https:\/\/brazentellurite.eu\/en\/#\/schema\/logo\/image\/","url":"https:\/\/brazentellurite.eu\/wp-content\/uploads\/2024\/11\/logo_temion.png","contentUrl":"https:\/\/brazentellurite.eu\/wp-content\/uploads\/2024\/11\/logo_temion.png","width":500,"height":115,"caption":"BrazenTellurite.io"},"image":{"@id":"https:\/\/brazentellurite.eu\/en\/#\/schema\/logo\/image\/"}}]}},"_links":{"self":[{"href":"https:\/\/brazentellurite.eu\/et\/wp-json\/wp\/v2\/pages\/529","targetHints":{"allow":["GET"]}}],"collection":[{"href":"https:\/\/brazentellurite.eu\/et\/wp-json\/wp\/v2\/pages"}],"about":[{"href":"https:\/\/brazentellurite.eu\/et\/wp-json\/wp\/v2\/types\/page"}],"author":[{"embeddable":true,"href":"https:\/\/brazentellurite.eu\/et\/wp-json\/wp\/v2\/users\/1"}],"replies":[{"embeddable":true,"href":"https:\/\/brazentellurite.eu\/et\/wp-json\/wp\/v2\/comments?post=529"}],"version-history":[{"count":1,"href":"https:\/\/brazentellurite.eu\/et\/wp-json\/wp\/v2\/pages\/529\/revisions"}],"predecessor-version":[{"id":530,"href":"https:\/\/brazentellurite.eu\/et\/wp-json\/wp\/v2\/pages\/529\/revisions\/530"}],"wp:attachment":[{"href":"https:\/\/brazentellurite.eu\/et\/wp-json\/wp\/v2\/media?parent=529"}],"curies":[{"name":"wp","href":"https:\/\/api.w.org\/{rel}","templated":true}]}}