{"id":300,"date":"2024-10-22T11:41:30","date_gmt":"2024-10-22T09:41:30","guid":{"rendered":"https:\/\/brazentellurite.eu\/?page_id=300"},"modified":"2025-03-01T09:37:50","modified_gmt":"2025-03-01T08:37:50","slug":"atterrissage_public","status":"publish","type":"page","link":"https:\/\/brazentellurite.eu\/fr\/atterrissage_public\/","title":{"rendered":"old Landing Page"},"content":{"rendered":"<div class=\"wp-block-group alignfull has-global-padding is-layout-constrained wp-block-group-is-layout-constrained\" style=\"margin-top:0;margin-bottom:0;padding-top:var(--wp--preset--spacing--50);padding-bottom:var(--wp--preset--spacing--50)\">\n<div class=\"wp-block-columns alignwide is-layout-flex wp-container-core-columns-is-layout-47c06fe3 wp-block-columns-is-layout-flex\">\n<div class=\"wp-block-column is-layout-flow wp-block-column-is-layout-flow\" style=\"flex-basis:56%\">\n<figure class=\"wp-block-image size-full\"><img decoding=\"async\" src=\"https:\/\/brazentellurite.eu\/wp-content\/themes\/twentytwentyfive\/assets\/images\/botany-flowers.webp\" alt=\"Bild einer Blume\" style=\"aspect-ratio:1;object-fit:cover\"\/><\/figure>\n<\/div>\n\n\n\n<div class=\"wp-block-column is-vertically-aligned-center is-layout-flow wp-container-core-column-is-layout-119bc444 wp-block-column-is-layout-flow\">\n<h2 class=\"wp-block-heading\">Entdecke die Sch\u00f6nheit des Rechts<\/h2>\n\n\n\n<p>Le droit n'est pas seulement une vaste nomenclature de r\u00e8gles, c'est aussi une marque d'ordre, de droit et de responsabilit\u00e9 sociale. Sa beaut\u00e9 r\u00e9side dans le bel \u00e9quilibre entre la libert\u00e9 et la vertu, dans l'art, dans le fait de surmonter les difficult\u00e9s et de cr\u00e9er un espace commun pour la coop\u00e9ration.<\/p>\n\n\n\n<p>Toutefois, cette qualit\u00e9 ne se limite pas \u00e0 des principes abstraits ou \u00e0 des constructions jurisprudentielles confirm\u00e9es. Elle montre surtout o\u00f9 le droit est appliqu\u00e9 : <strong>Lorsque les enfants s'endorment, que la volont\u00e9 est affaiblie et que la Gerechtigkeit n'est pas seulement une id\u00e9e, mais une r\u00e9alit\u00e9.<\/strong>.<\/p>\n\n\n\n<p><strong>Acc\u00e8s au droit <\/strong>ist dabei kein Privileg, das einigen wenigen vorbehalten ist, sondern eine Errungenschaft, die verteidigt werden muss. Eine Gesellschaft, in der Gerechtigkeit vom Geldbeutel oder der Herkunft abh\u00e4ngt, hat den Kern dessen, was Recht ausmacht, verfehlt. Mais si tous les citoyens ont la possibilit\u00e9 de faire respecter leur droit, ils acqui\u00e8rent une grande valeur, celle d'\u00eatre le fondement d'un ordre libre et vertueux.<\/p>\n\n\n\n<div class=\"wp-block-buttons is-layout-flex wp-block-buttons-is-layout-flex\">\n<div class=\"wp-block-button\"><a class=\"wp-block-button__link wp-element-button\">En savoir plus sur notre travail<\/a><\/div>\n<\/div>\n<\/div>\n<\/div>\n<\/div>\n\n\n\n<div class=\"wp-block-group alignfull has-global-padding is-layout-constrained wp-container-core-group-is-layout-4651deb1 wp-block-group-is-layout-constrained\" style=\"margin-top:0;margin-bottom:0;padding-top:var(--wp--preset--spacing--70);padding-bottom:var(--wp--preset--spacing--70)\">\n<div class=\"wp-block-columns alignwide is-layout-flex wp-container-core-columns-is-layout-08a2a807 wp-block-columns-is-layout-flex\">\n<div class=\"wp-block-column is-vertically-aligned-center is-layout-flow wp-block-column-is-layout-flow\">\n<p class=\"has-small-font-size\"><strong>Pour les clients<\/strong><\/p>\n\n\n\n<h2 class=\"wp-block-heading has-xx-large-font-size\">Transformez votre entreprise en un partenaire de Temion<\/h2>\n\n\n\n<ul style=\"margin-top:var(--wp--preset--spacing--40);margin-bottom:var(--wp--preset--spacing--40);padding-left:var(--wp--preset--spacing--30)\" class=\"wp-block-list is-style-checkmark-list\">\n<li class=\"has-medium-font-size\">Faites confiance \u00e0 votre expertise en mati\u00e8re d'agriculture<\/li>\n\n\n\n<li class=\"has-medium-font-size\">Ajouter un mandat d'ex\u00e9cution<\/li>\n\n\n\n<li class=\"has-medium-font-size\">Vous avez acc\u00e8s \u00e0 des \u00e9l\u00e9ments de commande<\/li>\n\n\n\n<li class=\"has-medium-font-size\">Un mandat structur\u00e9 pour une action de premier plan<\/li>\n<\/ul>\n\n\n\n<div class=\"wp-block-buttons is-content-justification-left is-nowrap is-layout-flex wp-container-core-buttons-is-layout-92e17da2 wp-block-buttons-is-layout-flex\">\n<div class=\"wp-block-button is-style-fill\"><a class=\"wp-block-button__link wp-element-button\">En savoir plus<\/a><\/div>\n<\/div>\n<\/div>\n\n\n\n<div class=\"wp-block-column is-vertically-aligned-center is-layout-flow wp-block-column-is-layout-flow\">\n<figure class=\"wp-block-image size-full\"><img decoding=\"async\" src=\"https:\/\/brazentellurite.eu\/wp-content\/themes\/twentytwentyfive\/assets\/images\/services-subscriber-photo.webp\" alt=\"Les t\u00e9l\u00e9phones intelligents sont \u00e0 l&#039;origine d&#039;un ph\u00e9nom\u00e8ne malveillant avec des objets.\"\/><\/figure>\n<\/div>\n<\/div>\n<\/div>\n\n\n\n<p><\/p>","protected":false},"excerpt":{"rendered":"<p>Entdecke die Sch\u00f6nheit des Rechts Das Recht ist mehr als eine blo\u00dfe Ansammlung von Regeln \u2013 es ist Ausdruck von Ordnung, Gerechtigkeit und gesellschaftlicher Vernunft. Seine Sch\u00f6nheit liegt in der feinen Balance zwischen Freiheit und Verantwortung, in der Kunst, Gegens\u00e4tze zu vers\u00f6hnen und einen gemeinsamen Rahmen f\u00fcr das Zusammenleben zu schaffen. Doch diese Sch\u00f6nheit erschlie\u00dft [&hellip;]<\/p>\n","protected":false},"author":1,"featured_media":0,"parent":0,"menu_order":0,"comment_status":"closed","ping_status":"closed","template":"landingpage2025","meta":{"footnotes":""},"class_list":["post-300","page","type-page","status-publish","hentry"],"yoast_head":"<!-- This site is optimized with the Yoast SEO plugin v26.2 - https:\/\/yoast.com\/wordpress\/plugins\/seo\/ -->\n<title>old Landing Page - BrazenTellurite.io<\/title>\n<meta name=\"robots\" content=\"index, follow, max-snippet:-1, max-image-preview:large, max-video-preview:-1\" \/>\n<link rel=\"canonical\" href=\"https:\/\/brazentellurite.eu\/fr\/atterrissage_public\/\" \/>\n<meta property=\"og:locale\" content=\"fr_FR\" \/>\n<meta property=\"og:type\" content=\"article\" \/>\n<meta property=\"og:title\" content=\"old Landing Page - BrazenTellurite.io\" \/>\n<meta property=\"og:description\" content=\"Entdecke die Sch\u00f6nheit des Rechts Das Recht ist mehr als eine blo\u00dfe Ansammlung von Regeln \u2013 es ist Ausdruck von Ordnung, Gerechtigkeit und gesellschaftlicher Vernunft. Seine Sch\u00f6nheit liegt in der feinen Balance zwischen Freiheit und Verantwortung, in der Kunst, Gegens\u00e4tze zu vers\u00f6hnen und einen gemeinsamen Rahmen f\u00fcr das Zusammenleben zu schaffen. Doch diese Sch\u00f6nheit erschlie\u00dft [&hellip;]\" \/>\n<meta property=\"og:url\" content=\"https:\/\/brazentellurite.eu\/fr\/atterrissage_public\/\" \/>\n<meta property=\"og:site_name\" content=\"BrazenTellurite.io\" \/>\n<meta property=\"article:modified_time\" content=\"2025-03-01T08:37:50+00:00\" \/>\n<meta property=\"og:image\" content=\"https:\/\/brazentellurite.eu\/wp-content\/themes\/twentytwentyfive\/assets\/images\/botany-flowers.webp\" \/>\n<meta name=\"twitter:card\" content=\"summary_large_image\" \/>\n<meta name=\"twitter:label1\" content=\"Dur\u00e9e de lecture estim\u00e9e\" \/>\n\t<meta name=\"twitter:data1\" content=\"1 minute\" \/>\n<script type=\"application\/ld+json\" class=\"yoast-schema-graph\">{\"@context\":\"https:\/\/schema.org\",\"@graph\":[{\"@type\":\"WebPage\",\"@id\":\"https:\/\/brazentellurite.eu\/landing_public\/\",\"url\":\"https:\/\/brazentellurite.eu\/landing_public\/\",\"name\":\"old Landing Page - BrazenTellurite.io\",\"isPartOf\":{\"@id\":\"https:\/\/brazentellurite.eu\/en\/#website\"},\"primaryImageOfPage\":{\"@id\":\"https:\/\/brazentellurite.eu\/landing_public\/#primaryimage\"},\"image\":{\"@id\":\"https:\/\/brazentellurite.eu\/landing_public\/#primaryimage\"},\"thumbnailUrl\":\"https:\/\/brazentellurite.eu\/wp-content\/themes\/twentytwentyfive\/assets\/images\/botany-flowers.webp\",\"datePublished\":\"2024-10-22T09:41:30+00:00\",\"dateModified\":\"2025-03-01T08:37:50+00:00\",\"breadcrumb\":{\"@id\":\"https:\/\/brazentellurite.eu\/landing_public\/#breadcrumb\"},\"inLanguage\":\"fr-FR\",\"potentialAction\":[{\"@type\":\"ReadAction\",\"target\":[\"https:\/\/brazentellurite.eu\/landing_public\/\"]}]},{\"@type\":\"ImageObject\",\"inLanguage\":\"fr-FR\",\"@id\":\"https:\/\/brazentellurite.eu\/landing_public\/#primaryimage\",\"url\":\"https:\/\/brazentellurite.eu\/wp-content\/themes\/twentytwentyfive\/assets\/images\/botany-flowers.webp\",\"contentUrl\":\"https:\/\/brazentellurite.eu\/wp-content\/themes\/twentytwentyfive\/assets\/images\/botany-flowers.webp\"},{\"@type\":\"BreadcrumbList\",\"@id\":\"https:\/\/brazentellurite.eu\/landing_public\/#breadcrumb\",\"itemListElement\":[{\"@type\":\"ListItem\",\"position\":1,\"name\":\"Home\",\"item\":\"https:\/\/brazentellurite.eu\/en\/\"},{\"@type\":\"ListItem\",\"position\":2,\"name\":\"old Landing Page\"}]},{\"@type\":\"WebSite\",\"@id\":\"https:\/\/brazentellurite.eu\/en\/#website\",\"url\":\"https:\/\/brazentellurite.eu\/en\/\",\"name\":\"BrazenTellurite.io\",\"description\":\"\",\"publisher\":{\"@id\":\"https:\/\/brazentellurite.eu\/en\/#organization\"},\"potentialAction\":[{\"@type\":\"SearchAction\",\"target\":{\"@type\":\"EntryPoint\",\"urlTemplate\":\"https:\/\/brazentellurite.eu\/en\/?s={search_term_string}\"},\"query-input\":{\"@type\":\"PropertyValueSpecification\",\"valueRequired\":true,\"valueName\":\"search_term_string\"}}],\"inLanguage\":\"fr-FR\"},{\"@type\":\"Organization\",\"@id\":\"https:\/\/brazentellurite.eu\/en\/#organization\",\"name\":\"BrazenTellurite.io\",\"url\":\"https:\/\/brazentellurite.eu\/en\/\",\"logo\":{\"@type\":\"ImageObject\",\"inLanguage\":\"fr-FR\",\"@id\":\"https:\/\/brazentellurite.eu\/en\/#\/schema\/logo\/image\/\",\"url\":\"https:\/\/brazentellurite.eu\/wp-content\/uploads\/2024\/11\/logo_temion.png\",\"contentUrl\":\"https:\/\/brazentellurite.eu\/wp-content\/uploads\/2024\/11\/logo_temion.png\",\"width\":500,\"height\":115,\"caption\":\"BrazenTellurite.io\"},\"image\":{\"@id\":\"https:\/\/brazentellurite.eu\/en\/#\/schema\/logo\/image\/\"}}]}<\/script>\n<!-- \/ Yoast SEO plugin. -->","yoast_head_json":{"title":"old Landing Page - BrazenTellurite.io","robots":{"index":"index","follow":"follow","max-snippet":"max-snippet:-1","max-image-preview":"max-image-preview:large","max-video-preview":"max-video-preview:-1"},"canonical":"https:\/\/brazentellurite.eu\/fr\/atterrissage_public\/","og_locale":"fr_FR","og_type":"article","og_title":"old Landing Page - BrazenTellurite.io","og_description":"Entdecke die Sch\u00f6nheit des Rechts Das Recht ist mehr als eine blo\u00dfe Ansammlung von Regeln \u2013 es ist Ausdruck von Ordnung, Gerechtigkeit und gesellschaftlicher Vernunft. Seine Sch\u00f6nheit liegt in der feinen Balance zwischen Freiheit und Verantwortung, in der Kunst, Gegens\u00e4tze zu vers\u00f6hnen und einen gemeinsamen Rahmen f\u00fcr das Zusammenleben zu schaffen. Doch diese Sch\u00f6nheit erschlie\u00dft [&hellip;]","og_url":"https:\/\/brazentellurite.eu\/fr\/atterrissage_public\/","og_site_name":"BrazenTellurite.io","article_modified_time":"2025-03-01T08:37:50+00:00","og_image":[{"url":"https:\/\/brazentellurite.eu\/wp-content\/themes\/twentytwentyfive\/assets\/images\/botany-flowers.webp","type":"","width":"","height":""}],"twitter_card":"summary_large_image","twitter_misc":{"Dur\u00e9e de lecture estim\u00e9e":"1 minute"},"schema":{"@context":"https:\/\/schema.org","@graph":[{"@type":"WebPage","@id":"https:\/\/brazentellurite.eu\/landing_public\/","url":"https:\/\/brazentellurite.eu\/landing_public\/","name":"old Landing Page - BrazenTellurite.io","isPartOf":{"@id":"https:\/\/brazentellurite.eu\/en\/#website"},"primaryImageOfPage":{"@id":"https:\/\/brazentellurite.eu\/landing_public\/#primaryimage"},"image":{"@id":"https:\/\/brazentellurite.eu\/landing_public\/#primaryimage"},"thumbnailUrl":"https:\/\/brazentellurite.eu\/wp-content\/themes\/twentytwentyfive\/assets\/images\/botany-flowers.webp","datePublished":"2024-10-22T09:41:30+00:00","dateModified":"2025-03-01T08:37:50+00:00","breadcrumb":{"@id":"https:\/\/brazentellurite.eu\/landing_public\/#breadcrumb"},"inLanguage":"fr-FR","potentialAction":[{"@type":"ReadAction","target":["https:\/\/brazentellurite.eu\/landing_public\/"]}]},{"@type":"ImageObject","inLanguage":"fr-FR","@id":"https:\/\/brazentellurite.eu\/landing_public\/#primaryimage","url":"https:\/\/brazentellurite.eu\/wp-content\/themes\/twentytwentyfive\/assets\/images\/botany-flowers.webp","contentUrl":"https:\/\/brazentellurite.eu\/wp-content\/themes\/twentytwentyfive\/assets\/images\/botany-flowers.webp"},{"@type":"BreadcrumbList","@id":"https:\/\/brazentellurite.eu\/landing_public\/#breadcrumb","itemListElement":[{"@type":"ListItem","position":1,"name":"Home","item":"https:\/\/brazentellurite.eu\/en\/"},{"@type":"ListItem","position":2,"name":"old Landing Page"}]},{"@type":"WebSite","@id":"https:\/\/brazentellurite.eu\/en\/#website","url":"https:\/\/brazentellurite.eu\/en\/","name":"BrazenTellurite.io","description":"","publisher":{"@id":"https:\/\/brazentellurite.eu\/en\/#organization"},"potentialAction":[{"@type":"SearchAction","target":{"@type":"EntryPoint","urlTemplate":"https:\/\/brazentellurite.eu\/en\/?s={search_term_string}"},"query-input":{"@type":"PropertyValueSpecification","valueRequired":true,"valueName":"search_term_string"}}],"inLanguage":"fr-FR"},{"@type":"Organization","@id":"https:\/\/brazentellurite.eu\/en\/#organization","name":"BrazenTellurite.io","url":"https:\/\/brazentellurite.eu\/en\/","logo":{"@type":"ImageObject","inLanguage":"fr-FR","@id":"https:\/\/brazentellurite.eu\/en\/#\/schema\/logo\/image\/","url":"https:\/\/brazentellurite.eu\/wp-content\/uploads\/2024\/11\/logo_temion.png","contentUrl":"https:\/\/brazentellurite.eu\/wp-content\/uploads\/2024\/11\/logo_temion.png","width":500,"height":115,"caption":"BrazenTellurite.io"},"image":{"@id":"https:\/\/brazentellurite.eu\/en\/#\/schema\/logo\/image\/"}}]}},"_links":{"self":[{"href":"https:\/\/brazentellurite.eu\/fr\/wp-json\/wp\/v2\/pages\/300","targetHints":{"allow":["GET"]}}],"collection":[{"href":"https:\/\/brazentellurite.eu\/fr\/wp-json\/wp\/v2\/pages"}],"about":[{"href":"https:\/\/brazentellurite.eu\/fr\/wp-json\/wp\/v2\/types\/page"}],"author":[{"embeddable":true,"href":"https:\/\/brazentellurite.eu\/fr\/wp-json\/wp\/v2\/users\/1"}],"replies":[{"embeddable":true,"href":"https:\/\/brazentellurite.eu\/fr\/wp-json\/wp\/v2\/comments?post=300"}],"version-history":[{"count":10,"href":"https:\/\/brazentellurite.eu\/fr\/wp-json\/wp\/v2\/pages\/300\/revisions"}],"predecessor-version":[{"id":1545,"href":"https:\/\/brazentellurite.eu\/fr\/wp-json\/wp\/v2\/pages\/300\/revisions\/1545"}],"wp:attachment":[{"href":"https:\/\/brazentellurite.eu\/fr\/wp-json\/wp\/v2\/media?parent=300"}],"curies":[{"name":"wp","href":"https:\/\/api.w.org\/{rel}","templated":true}]}}